{"id":232,"date":"2019-03-13T14:17:32","date_gmt":"2019-03-13T13:17:32","guid":{"rendered":"https:\/\/mamiglueck.de\/?page_id=232"},"modified":"2022-02-03T17:40:37","modified_gmt":"2022-02-03T16:40:37","slug":"die-mamiglueck-maedels","status":"publish","type":"page","link":"https:\/\/mamiglueck.de\/?page_id=232","title":{"rendered":"Die Mamigl\u00fcck-M\u00e4dels"},"content":{"rendered":"\n<p>Herzlich Willkommen auf unserer Mamigl\u00fcck-Seite! <\/p>\n\n\n\n<p>Wir, die Mamigl\u00fcck-M\u00e4dels sind Nicki und Nanni, zwei Mamis die verstreut wohnen, aber schon viele Jahre sehr eng befreundet sind. <\/p>\n\n\n\n<p>W\u00e4hrend unserer Schwangerschaften und nach der Geburt unserer M\u00e4use haben wir unabh\u00e4ngig voneinander die Erfahrung gemacht, dass man vor allem beim ersten Kind sehr verunsichert wird, ob der vielen unterschiedlichen und zum Teil widerspr\u00fcchlichen Informationen im Netz. <\/p>\n\n\n\n<p>Man sucht und sucht sich durch Foren, Blogs und Infoseiten und findet nur m\u00fchsam alle Informationen. <\/p>\n\n\n\n<p>Das haben wir zum Anlass genommen, selbst einen Blog zu schreiben. <\/p>\n\n\n\n<p>Wir m\u00f6chten Euch von Erfahrungen berichten, M\u00f6glichkeiten aufzeigen und Ideen weitergeben&#8230; <\/p>\n\n\n\n<p>Aber auch besonders sch\u00f6ne und traurige Momente mit Euch teilen. <\/p>\n\n\n\n<p>Egal ob ihr neugierige Erstmami oder sturmerprobte Mehrfachmami seid &#8211; wir m\u00f6chten Euch sowohl viele Informationen \u00fcbersichtlich zusammentragen, als auch mit Euch gemeinsam weinen und lachen.<\/p>\n\n\n\n<p>Der Blog ist unser Herzensprojekt!<\/p>\n","protected":false},"excerpt":{"rendered":"<p>Herzlich Willkommen auf unserer Mamigl\u00fcck-Seite! Wir, die Mamigl\u00fcck-M\u00e4dels sind Nicki und Nanni, zwei Mamis die verstreut wohnen, aber schon viele Jahre sehr eng befreundet sind. W\u00e4hrend unserer Schwangerschaften und nach der Geburt unserer M\u00e4use haben wir unabh\u00e4ngig voneinander die Erfahrung gemacht, dass man vor allem beim ersten Kind sehr verunsichert wird, ob der vielen unterschiedlichen [&hellip;]<\/p>\n","protected":false},"author":2,"featured_media":1080,"parent":0,"menu_order":0,"comment_status":"closed","ping_status":"closed","template":"","meta":{"footnotes":""},"class_list":["post-232","page","type-page","status-publish","has-post-thumbnail","hentry"],"_links":{"self":[{"href":"https:\/\/mamiglueck.de\/index.php?rest_route=\/wp\/v2\/pages\/232","targetHints":{"allow":["GET"]}}],"collection":[{"href":"https:\/\/mamiglueck.de\/index.php?rest_route=\/wp\/v2\/pages"}],"about":[{"href":"https:\/\/mamiglueck.de\/index.php?rest_route=\/wp\/v2\/types\/page"}],"author":[{"embeddable":true,"href":"https:\/\/mamiglueck.de\/index.php?rest_route=\/wp\/v2\/users\/2"}],"replies":[{"embeddable":true,"href":"https:\/\/mamiglueck.de\/index.php?rest_route=%2Fwp%2Fv2%2Fcomments&post=232"}],"version-history":[{"count":3,"href":"https:\/\/mamiglueck.de\/index.php?rest_route=\/wp\/v2\/pages\/232\/revisions"}],"predecessor-version":[{"id":1091,"href":"https:\/\/mamiglueck.de\/index.php?rest_route=\/wp\/v2\/pages\/232\/revisions\/1091"}],"wp:featuredmedia":[{"embeddable":true,"href":"https:\/\/mamiglueck.de\/index.php?rest_route=\/wp\/v2\/media\/1080"}],"wp:attachment":[{"href":"https:\/\/mamiglueck.de\/index.php?rest_route=%2Fwp%2Fv2%2Fmedia&parent=232"}],"curies":[{"name":"wp","href":"https:\/\/api.w.org\/{rel}","templated":true}]}}