{"id":37,"date":"2019-01-29T23:00:12","date_gmt":"2019-01-29T23:00:12","guid":{"rendered":"http:\/\/xn--mamaglck-c6a.com\/?page_id=37"},"modified":"2025-03-12T16:48:55","modified_gmt":"2025-03-12T15:48:55","slug":"kind-1-3-jahre","status":"publish","type":"page","link":"https:\/\/mamiglueck.de\/?page_id=37","title":{"rendered":"Kind 1- 3 Jahre"},"content":{"rendered":"\n<p><a href=\"http:\/\/www.mamiglueck.de\/?p=130\">Basteln<\/a><\/p>\n\n\n\n<p><a href=\"https:\/\/mamiglueck.de\/?p=307\">Kinder fotografieren<\/a><\/p>\n\n\n\n<p><a href=\"https:\/\/mamiglueck.de\/?p=620\">Eure Kinder<\/a><\/p>\n\n\n\n<p><a href=\"https:\/\/mamiglueck.de\/?p=1461\">Waldkindergarten<\/a><\/p>\n\n\n\n<p><a href=\"https:\/\/mamiglueck.de\/?p=315\">Osterhasenkuchen<\/a><\/p>\n\n\n\n<p><a href=\"https:\/\/mamiglueck.de\/?p=456\">Ostereier f\u00e4rben<\/a><\/p>\n\n\n\n<p><a href=\"https:\/\/mamiglueck.de\/?p=480\">G\u00e4rtnern<\/a><\/p>\n\n\n\n<p><a href=\"https:\/\/mamiglueck.de\/?p=648\">Pf\u00fctzen h\u00fcpfen<\/a><\/p>\n\n\n\n<p><a href=\"https:\/\/mamiglueck.de\/?p=525\">Kresse ans\u00e4en<\/a><\/p>\n\n\n\n<p><a href=\"https:\/\/mamiglueck.de\/?p=555\">Gem\u00fcse und Obst<\/a><\/p>\n\n\n\n<p><a href=\"https:\/\/mamiglueck.de\/?p=413\">Warum H\u00e4nde waschen so wichtig ist<\/a><\/p>\n\n\n\n<p><a href=\"https:\/\/mamiglueck.de\/?p=449\">Fussabdruck<\/a><\/p>\n\n\n\n<p><a href=\"https:\/\/mamiglueck.de\/?p=458\">Baden macht gl\u00fccklich<\/a><\/p>\n\n\n\n<p><a href=\"https:\/\/mamiglueck.de\/?p=384\">Erk\u00e4ltungen vorbeugen<\/a><\/p>\n\n\n\n<p><a href=\"https:\/\/mamiglueck.de\/?p=519\">H\u00f6hle bauen<\/a><\/p>\n\n\n\n<p><a href=\"https:\/\/mamiglueck.de\/?p=528\">Kinder Tiramisu<\/a><\/p>\n","protected":false},"excerpt":{"rendered":"<p>Basteln Kinder fotografieren Eure Kinder Waldkindergarten Osterhasenkuchen Ostereier f\u00e4rben G\u00e4rtnern Pf\u00fctzen h\u00fcpfen Kresse ans\u00e4en Gem\u00fcse und Obst Warum H\u00e4nde waschen so wichtig ist Fussabdruck Baden macht gl\u00fccklich Erk\u00e4ltungen vorbeugen H\u00f6hle bauen Kinder Tiramisu<\/p>\n","protected":false},"author":1,"featured_media":353,"parent":0,"menu_order":0,"comment_status":"closed","ping_status":"closed","template":"","meta":{"footnotes":""},"class_list":["post-37","page","type-page","status-publish","has-post-thumbnail","hentry"],"_links":{"self":[{"href":"https:\/\/mamiglueck.de\/index.php?rest_route=\/wp\/v2\/pages\/37","targetHints":{"allow":["GET"]}}],"collection":[{"href":"https:\/\/mamiglueck.de\/index.php?rest_route=\/wp\/v2\/pages"}],"about":[{"href":"https:\/\/mamiglueck.de\/index.php?rest_route=\/wp\/v2\/types\/page"}],"author":[{"embeddable":true,"href":"https:\/\/mamiglueck.de\/index.php?rest_route=\/wp\/v2\/users\/1"}],"replies":[{"embeddable":true,"href":"https:\/\/mamiglueck.de\/index.php?rest_route=%2Fwp%2Fv2%2Fcomments&post=37"}],"version-history":[{"count":26,"href":"https:\/\/mamiglueck.de\/index.php?rest_route=\/wp\/v2\/pages\/37\/revisions"}],"predecessor-version":[{"id":1482,"href":"https:\/\/mamiglueck.de\/index.php?rest_route=\/wp\/v2\/pages\/37\/revisions\/1482"}],"wp:featuredmedia":[{"embeddable":true,"href":"https:\/\/mamiglueck.de\/index.php?rest_route=\/wp\/v2\/media\/353"}],"wp:attachment":[{"href":"https:\/\/mamiglueck.de\/index.php?rest_route=%2Fwp%2Fv2%2Fmedia&parent=37"}],"curies":[{"name":"wp","href":"https:\/\/api.w.org\/{rel}","templated":true}]}}