{"id":39,"date":"2019-01-29T23:00:37","date_gmt":"2019-01-29T23:00:37","guid":{"rendered":"http:\/\/xn--mamaglck-c6a.com\/?page_id=39"},"modified":"2025-03-12T16:49:29","modified_gmt":"2025-03-12T15:49:29","slug":"kind-4-6-jahre","status":"publish","type":"page","link":"https:\/\/mamiglueck.de\/?page_id=39","title":{"rendered":"Kind 4- 6 Jahre"},"content":{"rendered":"\n<p><a href=\"https:\/\/mamiglueck.de\/?p=130\">Basteln<\/a><\/p>\n\n\n\n<p><a href=\"https:\/\/mamiglueck.de\/?p=307\">Kinder fotografieren<\/a><\/p>\n\n\n\n<p><a href=\"https:\/\/mamiglueck.de\/?p=1461\">Waldkindergarten<\/a><\/p>\n\n\n\n<p><a href=\"https:\/\/mamiglueck.de\/?p=315\">Osterhasenkuchen<\/a><\/p>\n\n\n\n<p><a href=\"https:\/\/mamiglueck.de\/?p=456\">Ostereier f\u00e4rben<\/a><\/p>\n\n\n\n<p><a href=\"https:\/\/mamiglueck.de\/?p=620\">Eure Kinder<\/a><\/p>\n\n\n\n<p><a href=\"https:\/\/mamiglueck.de\/?p=480\">G\u00e4rtnern<\/a><\/p>\n\n\n\n<p><a href=\"https:\/\/mamiglueck.de\/?p=525\">Kresse ans\u00e4en<\/a><\/p>\n\n\n\n<p><a href=\"https:\/\/mamiglueck.de\/?p=648\">Pf\u00fctzen h\u00fcpfen<\/a><\/p>\n\n\n\n<p><a href=\"https:\/\/mamiglueck.de\/?p=555\">Gem\u00fcse und Obst<\/a><\/p>\n\n\n\n<p><a href=\"https:\/\/mamiglueck.de\/?p=413\">Warum H\u00e4nde waschen so wichtig ist<\/a><\/p>\n\n\n\n<p><a href=\"https:\/\/mamiglueck.de\/?p=424\">Kontakt halten<\/a><\/p>\n\n\n\n<p><a href=\"https:\/\/mamiglueck.de\/?p=449\">Fussabdruck<\/a><\/p>\n\n\n\n<p><a href=\"https:\/\/mamiglueck.de\/?p=458\">Baden macht gl\u00fccklich<\/a><\/p>\n\n\n\n<p><a href=\"https:\/\/mamiglueck.de\/?p=384\">Erk\u00e4ltungen vorbeugen<\/a><\/p>\n\n\n\n<p><a href=\"https:\/\/mamiglueck.de\/?p=519\">H\u00f6hle bauen<\/a><\/p>\n\n\n\n<p><a href=\"https:\/\/mamiglueck.de\/?p=528\">Kinder Tiramisu<\/a><\/p>\n\n\n\n<p><a href=\"https:\/\/mamiglueck.de\/?p=627\">Tiertorte backen<\/a><br><\/p>\n","protected":false},"excerpt":{"rendered":"<p>Basteln Kinder fotografieren Waldkindergarten Osterhasenkuchen Ostereier f\u00e4rben Eure Kinder G\u00e4rtnern Kresse ans\u00e4en Pf\u00fctzen h\u00fcpfen Gem\u00fcse und Obst Warum H\u00e4nde waschen so wichtig ist Kontakt halten Fussabdruck Baden macht gl\u00fccklich Erk\u00e4ltungen vorbeugen H\u00f6hle bauen Kinder Tiramisu Tiertorte backen<\/p>\n","protected":false},"author":1,"featured_media":308,"parent":0,"menu_order":0,"comment_status":"closed","ping_status":"closed","template":"","meta":{"footnotes":""},"class_list":["post-39","page","type-page","status-publish","has-post-thumbnail","hentry"],"_links":{"self":[{"href":"https:\/\/mamiglueck.de\/index.php?rest_route=\/wp\/v2\/pages\/39","targetHints":{"allow":["GET"]}}],"collection":[{"href":"https:\/\/mamiglueck.de\/index.php?rest_route=\/wp\/v2\/pages"}],"about":[{"href":"https:\/\/mamiglueck.de\/index.php?rest_route=\/wp\/v2\/types\/page"}],"author":[{"embeddable":true,"href":"https:\/\/mamiglueck.de\/index.php?rest_route=\/wp\/v2\/users\/1"}],"replies":[{"embeddable":true,"href":"https:\/\/mamiglueck.de\/index.php?rest_route=%2Fwp%2Fv2%2Fcomments&post=39"}],"version-history":[{"count":25,"href":"https:\/\/mamiglueck.de\/index.php?rest_route=\/wp\/v2\/pages\/39\/revisions"}],"predecessor-version":[{"id":1483,"href":"https:\/\/mamiglueck.de\/index.php?rest_route=\/wp\/v2\/pages\/39\/revisions\/1483"}],"wp:featuredmedia":[{"embeddable":true,"href":"https:\/\/mamiglueck.de\/index.php?rest_route=\/wp\/v2\/media\/308"}],"wp:attachment":[{"href":"https:\/\/mamiglueck.de\/index.php?rest_route=%2Fwp%2Fv2%2Fmedia&parent=39"}],"curies":[{"name":"wp","href":"https:\/\/api.w.org\/{rel}","templated":true}]}}