{"id":94,"date":"2019-02-03T23:12:24","date_gmt":"2019-02-03T22:12:24","guid":{"rendered":"https:\/\/mamiglueck.de\/?page_id=94"},"modified":"2020-06-30T09:54:25","modified_gmt":"2020-06-30T07:54:25","slug":"fotos","status":"publish","type":"page","link":"https:\/\/mamiglueck.de\/?page_id=94","title":{"rendered":"Fotos"},"content":{"rendered":"\n<p><a href=\"https:\/\/mamiglueck.de\/?p=87\">Hallo Welt<\/a><\/p>\n\n\n\n<p><a href=\"https:\/\/mamiglueck.de\/?p=244\">Liebe deines Lebens<\/a> <\/p>\n\n\n\n<p><a href=\"https:\/\/mamiglueck.de\/?p=160\">Mamiliebe<\/a><\/p>\n\n\n\n<p><a href=\"https:\/\/mamiglueck.de\/?p=323\">sch\u00f6ne Ostern!<\/a><\/p>\n\n\n\n<p><a href=\"https:\/\/mamiglueck.de\/?p=274\">Unser Kind<\/a><\/p>\n\n\n\n<p><a href=\"https:\/\/mamiglueck.de\/?p=348\">Pubert\u00e4t<\/a><\/p>\n\n\n\n<p><a href=\"https:\/\/mamiglueck.de\/?p=881\">Ein gl\u00fcckliches Leben<\/a><\/p>\n\n\n\n<p><a href=\"https:\/\/mamiglueck.de\/?p=860\">Wir waren alle Kinder<\/a><br><\/p>\n","protected":false},"excerpt":{"rendered":"<p>Hallo Welt Liebe deines Lebens Mamiliebe sch\u00f6ne Ostern! Unser Kind Pubert\u00e4t Ein gl\u00fcckliches Leben Wir waren alle Kinder<\/p>\n","protected":false},"author":1,"featured_media":245,"parent":0,"menu_order":0,"comment_status":"closed","ping_status":"closed","template":"","meta":{"footnotes":""},"class_list":["post-94","page","type-page","status-publish","has-post-thumbnail","hentry"],"_links":{"self":[{"href":"https:\/\/mamiglueck.de\/index.php?rest_route=\/wp\/v2\/pages\/94","targetHints":{"allow":["GET"]}}],"collection":[{"href":"https:\/\/mamiglueck.de\/index.php?rest_route=\/wp\/v2\/pages"}],"about":[{"href":"https:\/\/mamiglueck.de\/index.php?rest_route=\/wp\/v2\/types\/page"}],"author":[{"embeddable":true,"href":"https:\/\/mamiglueck.de\/index.php?rest_route=\/wp\/v2\/users\/1"}],"replies":[{"embeddable":true,"href":"https:\/\/mamiglueck.de\/index.php?rest_route=%2Fwp%2Fv2%2Fcomments&post=94"}],"version-history":[{"count":13,"href":"https:\/\/mamiglueck.de\/index.php?rest_route=\/wp\/v2\/pages\/94\/revisions"}],"predecessor-version":[{"id":892,"href":"https:\/\/mamiglueck.de\/index.php?rest_route=\/wp\/v2\/pages\/94\/revisions\/892"}],"wp:featuredmedia":[{"embeddable":true,"href":"https:\/\/mamiglueck.de\/index.php?rest_route=\/wp\/v2\/media\/245"}],"wp:attachment":[{"href":"https:\/\/mamiglueck.de\/index.php?rest_route=%2Fwp%2Fv2%2Fmedia&parent=94"}],"curies":[{"name":"wp","href":"https:\/\/api.w.org\/{rel}","templated":true}]}}